{"id":1464,"date":"2024-12-11T12:35:14","date_gmt":"2024-12-11T12:35:14","guid":{"rendered":"https:\/\/klbtheme.com\/fynode\/?page_id=1464"},"modified":"2026-01-14T12:17:36","modified_gmt":"2026-01-14T12:17:36","slug":"mentions-legales","status":"publish","type":"page","link":"https:\/\/levinson.fr\/en\/mentions-legales\/","title":{"rendered":"Legal notices"},"content":{"rendered":"<div data-elementor-type=\"wp-page\" data-elementor-id=\"1464\" class=\"elementor elementor-1464\">\n\t\t\t\t<div class=\"elementor-element elementor-element-cafacef e-flex e-con-boxed e-con e-parent\" data-id=\"cafacef\" data-element_type=\"container\" data-e-type=\"container\">\n\t\t\t\t\t<div class=\"e-con-inner\">\n\t\t\t\t<div class=\"elementor-element elementor-element-1d963ab elementor-widget elementor-widget-heading\" data-id=\"1d963ab\" data-element_type=\"widget\" data-e-type=\"widget\" data-widget_type=\"heading.default\">\n\t\t\t\t\t<h2 class=\"elementor-heading-title elementor-size-default\">Legal notices<\/h2>\t\t\t\t<\/div>\n\t\t\t\t\t<\/div>\n\t\t\t\t<\/div>\n\t\t<div class=\"elementor-element elementor-element-17f3383 e-flex e-con-boxed e-con e-parent\" data-id=\"17f3383\" data-element_type=\"container\" data-e-type=\"container\">\n\t\t\t\t\t<div class=\"e-con-inner\">\n\t\t\t\t<div class=\"elementor-element elementor-element-17b4702 elementor-widget elementor-widget-text-editor\" data-id=\"17b4702\" data-element_type=\"widget\" data-e-type=\"widget\" data-widget_type=\"text-editor.default\">\n\t\t\t\t\t\t\t\t\t<p><strong>Seat :<\/strong><\/p>\n<p><strong>\u200b<\/strong>LEVINSON<\/p>\n<p>12 Rue de la Part-Dieu, 69003 Lyon<\/p>\n<p>Telephone: 04 87 38 30 60<\/p>\n<p>Email:\u00a0<a href=\"mailto:service.client@levinson.fr\">service.client@levinson.fr<\/a><\/p>\n<p>\u200b<\/p>\n<p>RCS LYON: 918 577 305 \u2013 Simplified joint-stock company \u2013 Capital of \u20ac10,000 \u2013 NAF\/APE: 4669B \u2013 VAT No.: FR48918577305<\/p>\n<p>Professional liability insurance with EASYBLUE and HISCOX \u2013 \u20ac600,000.00<\/p>\n<p>\u00a0<\/p>\n<p><strong>Data security and confidentiality:<\/strong><strong>\u200b<\/strong><\/p>\n<p><strong>\u200b<\/strong><\/p>\n<p>LEVINSON complies with the requirements of amended law no. 78-17 of 6 January 1978, known as the Data Protection Act, regarding the processing of the user&#039;s personal data.<\/p>\n<p>LEVINSON is committed to ensuring data security to prevent it from being distorted, damaged, or disclosed to unauthorized third parties, and to using it solely for the purpose of exchanging information, documents, offers, or other services made available to customers.<\/p>\n<p>LEVINSON will not be liable to the user for the loss or disappearance of data concerning him or her due to force majeure or the actions of a third party.\u00a0<a href=\"https:\/\/levinson.fr\/en\/confidentialit%C3%A9s\/\"><strong>Learn more<\/strong><strong>\u200b<\/strong><\/a><\/p>\n<p><strong>User commitments:<\/strong><strong>\u200b<\/strong><\/p>\n<p><strong>\u200b<\/strong><\/p>\n<p>The user agrees to take all necessary measures to ensure the confidentiality and safekeeping of their access code and not to disclose it to anyone.<\/p>\n<p>LEVINSON cannot be held responsible for any fraudulent use of the access code. Any operation carried out on the site using the user&#039;s login credentials is deemed to have been performed on the user&#039;s behalf and is their sole responsibility.\u00a0<a href=\"https:\/\/levinson.fr\/en\/copie-de-confidentialit%C3%A9s-1\/\"><strong>Learn more<\/strong><strong>\u200b<\/strong><\/a><\/p>\n<p>\u00a9<\/p>\n<p><strong>Information technology and civil liberties:<\/strong><strong>\u200b<\/strong><\/p>\n<p><strong>\u200b<\/strong><\/p>\n<p>Registration with the CNIL and Protection of Personal Data<\/p>\n<p>User information is processed confidentially by duly authorized personnel of the company, as well as IT service providers involved in the implementation of the Site.<br \/>No personal information is collected without the user&#039;s knowledge or processed for purposes other than those intended.<\/p>\n<p>Rights to object to, access and rectify data concerning the user<\/p>\n<p>In accordance with the provisions of the amended law of 6 January 1978, the User may exercise their rights of objection, access and rectification with regard to their personal data by sending their request to the site administrator:\u00a0<strong><a href=\"mailto:service.client@levinson.fr\">service.client@levinson.fr<\/a><\/strong><\/p>\n<p>\u200b<\/p>\n<p>The website address covered by these legal notices is:\u00a0<strong><a href=\"https:\/\/levinson.fr\/en\/\">http:\/\/www.levinson.fr\/<\/a><\/strong><\/p>\n<p>\u200b<\/p>\n<p><strong>Website Publisher:<\/strong>\u200b\u00a0<strong>LEVINSON <\/strong><\/p>\n<p><strong>Website hosting: 1 Grant&#039;s Row, Dublin 2 D02HX96, Ireland. (Online Platform Limited)<\/strong><\/p>\n<p>\u00a0<\/p>\t\t\t\t\t\t\t\t<\/div>\n\t\t\t\t\t<\/div>\n\t\t\t\t<\/div>\n\t\t\t\t<\/div>","protected":false},"excerpt":{"rendered":"<p>Mentions l\u00e9gales Si\u00e8ge : \u200bLEVINSON 12 Rue de la PART-DIEU, 69003 LYON T\u00e9l\u00e9phone : 04 87 38 30 60 E-mail :\u00a0service.client@levinson.fr \u200b RCS LYON : 918 577 305 &#8211; Soci\u00e9t\u00e9 par action simplifi\u00e9e &#8211; Capitale de 10 000 \u20ac &#8211; NAF\/APE : 4669B &#8211; N\u00b0 TVA : FR48918577305 Assurance professionnelle responsabilit\u00e9 civile aupr\u00e8s de EASYBLUE<\/p>\n<div class=\"klb-readmore post-buttons\"><a class=\"btn btn-black btn-rounded\" href=\"https:\/\/levinson.fr\/en\/mentions-legales\/\">Read More <i class=\"klbth-icon-right-arrow\"><\/i><\/a><\/div>","protected":false},"author":1,"featured_media":0,"parent":0,"menu_order":0,"comment_status":"closed","ping_status":"closed","template":"","meta":{"_acf_changed":false,"slim_seo":{"title":"Mentions l\u00e9gales - LEVINSON","description":"Mentions l\u00e9gales Si\u00e8ge : \u200b LEVINSON 12 Rue de la PART-DIEU, 69003 LYON T\u00e9l\u00e9phone : 04 87 38 30 60 E-mail :\u00a0 service.client@levinson.fr \u200b RCS LYON : 918 577 305"},"footnotes":""},"class_list":["post-1464","page","type-page","status-publish","hentry"],"acf":[],"jetpack_sharing_enabled":true,"_links":{"self":[{"href":"https:\/\/levinson.fr\/en\/wp-json\/wp\/v2\/pages\/1464","targetHints":{"allow":["GET"]}}],"collection":[{"href":"https:\/\/levinson.fr\/en\/wp-json\/wp\/v2\/pages"}],"about":[{"href":"https:\/\/levinson.fr\/en\/wp-json\/wp\/v2\/types\/page"}],"author":[{"embeddable":true,"href":"https:\/\/levinson.fr\/en\/wp-json\/wp\/v2\/users\/1"}],"replies":[{"embeddable":true,"href":"https:\/\/levinson.fr\/en\/wp-json\/wp\/v2\/comments?post=1464"}],"version-history":[{"count":4,"href":"https:\/\/levinson.fr\/en\/wp-json\/wp\/v2\/pages\/1464\/revisions"}],"predecessor-version":[{"id":3333,"href":"https:\/\/levinson.fr\/en\/wp-json\/wp\/v2\/pages\/1464\/revisions\/3333"}],"wp:attachment":[{"href":"https:\/\/levinson.fr\/en\/wp-json\/wp\/v2\/media?parent=1464"}],"curies":[{"name":"wp","href":"https:\/\/api.w.org\/{rel}","templated":true}]}}