{"id":2537,"date":"2025-11-10T12:50:24","date_gmt":"2025-11-10T12:50:24","guid":{"rendered":"https:\/\/levinson.fr\/?post_type=product&#038;p=2537"},"modified":"2026-02-09T17:34:25","modified_gmt":"2026-02-09T17:34:25","slug":"baeh","status":"publish","type":"product","link":"https:\/\/levinson.fr\/en\/product\/baeh\/","title":{"rendered":"BAEH"},"content":{"rendered":"<p>The self-contained residential lighting unit (BAEH) is designed to ensure the safety of occupants in the event of a power outage.<\/p>\n<p>It provides reliable lighting of evacuation routes with an extended autonomy of five hours, offering continuity far superior to market standards.<\/p>\n<p>Equipped with an integrated SATI system, it automatically performs its functional tests, simplifying maintenance and ensuring lasting compliance.<\/p>\n<p>Its low-consumption LED lighting ensures excellent visibility while reducing operating costs.<\/p>\n<p>The pictogram is included and fully rotatable, allowing for flexible installation perfectly suited to all configurations.<\/p>\n<p>This high-performance, durable and economical solution meets the requirements of multi-family residential buildings and complies with French and European regulations.<\/p>","protected":false},"excerpt":{"rendered":"<p>The BAEH provides lighting for evacuation routes in the event of a power outage in collective residential buildings.<\/p>\n<p>Battery life: 5 hours<\/p>\n<p>Lighting: LED<\/p>\n<p>Pictogram: included<\/p>\n<p>SATI system: included<\/p>","protected":false},"featured_media":3975,"template":"","meta":{"_acf_changed":false,"slim_seo":{"title":"BAEH - LEVINSON","description":"Le BAEH assure l\u2019\u00e9clairage des cheminements d\u2019\u00e9vacuation en cas de coupure \u00e9lectrique dans les b\u00e2timents d\u2019habitation collectifs. Autonomie : 5h00 \u00c9clairage : L"}},"product_brand":[],"product_cat":[176],"product_tag":[],"class_list":{"0":"post-2537","1":"product","2":"type-product","3":"status-publish","4":"has-post-thumbnail","6":"product_cat-eclairage","8":"first","9":"instock","10":"shipping-taxable","11":"purchasable","12":"product-type-simple"},"acf":[],"jetpack_sharing_enabled":true,"_links":{"self":[{"href":"https:\/\/levinson.fr\/en\/wp-json\/wp\/v2\/product\/2537","targetHints":{"allow":["GET"]}}],"collection":[{"href":"https:\/\/levinson.fr\/en\/wp-json\/wp\/v2\/product"}],"about":[{"href":"https:\/\/levinson.fr\/en\/wp-json\/wp\/v2\/types\/product"}],"wp:featuredmedia":[{"embeddable":true,"href":"https:\/\/levinson.fr\/en\/wp-json\/wp\/v2\/media\/3975"}],"wp:attachment":[{"href":"https:\/\/levinson.fr\/en\/wp-json\/wp\/v2\/media?parent=2537"}],"wp:term":[{"taxonomy":"product_brand","embeddable":true,"href":"https:\/\/levinson.fr\/en\/wp-json\/wp\/v2\/product_brand?post=2537"},{"taxonomy":"product_cat","embeddable":true,"href":"https:\/\/levinson.fr\/en\/wp-json\/wp\/v2\/product_cat?post=2537"},{"taxonomy":"product_tag","embeddable":true,"href":"https:\/\/levinson.fr\/en\/wp-json\/wp\/v2\/product_tag?post=2537"}],"curies":[{"name":"wp","href":"https:\/\/api.w.org\/{rel}","templated":true}]}}