{"id":2538,"date":"2025-11-10T12:50:24","date_gmt":"2025-11-10T12:50:24","guid":{"rendered":"https:\/\/levinson.fr\/?post_type=product&#038;p=2538"},"modified":"2026-02-09T17:34:36","modified_gmt":"2026-02-09T17:34:36","slug":"baes","status":"publish","type":"product","link":"https:\/\/levinson.fr\/en\/product\/baes\/","title":{"rendered":"BAES"},"content":{"rendered":"<p>The self-contained emergency lighting unit (BAES) is designed to ensure the safety of people in establishments open to the public and buildings subject to the Labor Code in the event of a power outage.<\/p>\n<p>It provides reliable lighting for evacuation routes and emergency exits with a one-hour autonomy, allowing for a rapid and safe evacuation of occupants.<\/p>\n<p>Equipped with an integrated SATI system, it automatically performs its functional tests, facilitating maintenance, reducing human intervention and ensuring continuous compliance.<\/p>\n<p>Its low-consumption LED lighting offers excellent visibility while optimizing energy performance and limiting operating costs.<\/p>\n<p>The pictogram is included and rotatable, ensuring perfect adaptation to all installation configurations, wall or ceiling mounted.<\/p>\n<p>A reliable, durable and economical solution, this block meets the requirements of public access buildings and professional buildings, in compliance with French and European regulations.<\/p>","protected":false},"excerpt":{"rendered":"<p>The BAES provides lighting for exits and evacuation routes in the event of a power outage in professional buildings.<\/p>\n<p>Battery life: 1 hour<\/p>\n<p>Lighting: LED<\/p>\n<p>Pictogram: included<\/p>\n<p>SATI system: included<\/p>","protected":false},"featured_media":3978,"template":"","meta":{"_acf_changed":false,"slim_seo":{"title":"BAES - LEVINSON","description":"Le BAES assure l\u2019\u00e9clairage des issues et cheminements d\u2019\u00e9vacuation en cas de coupure \u00e9lectrique dans les b\u00e2timents professionnels. Autonomie : 1h00 \u00c9clairage :"}},"product_brand":[],"product_cat":[176],"product_tag":[],"class_list":{"0":"post-2538","1":"product","2":"type-product","3":"status-publish","4":"has-post-thumbnail","6":"product_cat-eclairage","8":"first","9":"instock","10":"shipping-taxable","11":"purchasable","12":"product-type-simple"},"acf":[],"jetpack_sharing_enabled":true,"_links":{"self":[{"href":"https:\/\/levinson.fr\/en\/wp-json\/wp\/v2\/product\/2538","targetHints":{"allow":["GET"]}}],"collection":[{"href":"https:\/\/levinson.fr\/en\/wp-json\/wp\/v2\/product"}],"about":[{"href":"https:\/\/levinson.fr\/en\/wp-json\/wp\/v2\/types\/product"}],"wp:featuredmedia":[{"embeddable":true,"href":"https:\/\/levinson.fr\/en\/wp-json\/wp\/v2\/media\/3978"}],"wp:attachment":[{"href":"https:\/\/levinson.fr\/en\/wp-json\/wp\/v2\/media?parent=2538"}],"wp:term":[{"taxonomy":"product_brand","embeddable":true,"href":"https:\/\/levinson.fr\/en\/wp-json\/wp\/v2\/product_brand?post=2538"},{"taxonomy":"product_cat","embeddable":true,"href":"https:\/\/levinson.fr\/en\/wp-json\/wp\/v2\/product_cat?post=2538"},{"taxonomy":"product_tag","embeddable":true,"href":"https:\/\/levinson.fr\/en\/wp-json\/wp\/v2\/product_tag?post=2538"}],"curies":[{"name":"wp","href":"https:\/\/api.w.org\/{rel}","templated":true}]}}