{"id":2544,"date":"2025-11-10T12:50:28","date_gmt":"2025-11-10T12:50:28","guid":{"rendered":"https:\/\/levinson.fr\/?post_type=product&#038;p=2544"},"modified":"2026-02-11T21:25:38","modified_gmt":"2026-02-11T21:25:38","slug":"chainette-de-fixation-hydraulique","status":"publish","type":"product","link":"https:\/\/levinson.fr\/en\/product\/chainette-de-fixation-hydraulique\/","title":{"rendered":"20 cm fixing chain"},"content":{"rendered":"<p>The hydraulic fixing chain is an essential accessory for securing plugs, caps and fittings on fire hydraulic installations.<\/p>\n<p>Made from stainless or galvanized steel, it offers excellent resistance to corrosion, weathering and frequent handling.<\/p>\n<p>It allows plugs and caps to be securely held on dry risers, hydrants and other hydraulic equipment, thus preventing their loss or misplacement during interventions.<\/p>\n<p>Easy to install, it fits most standard plugs and fittings, ensuring safety and practicality for firefighters and maintenance personnel.<\/p>","protected":false},"excerpt":{"rendered":"<p>Robust hydraulic fixing chain, designed to hold plugs and caps on fire hydraulic fittings and prevent any loss during interventions.<\/p>\n<p>Length: 20 mm<\/p>\n<p>Thickness: 12 mm<\/p>\n<p>Material: Stainless steel<\/p>","protected":false},"featured_media":4005,"template":"","meta":{"_acf_changed":false,"slim_seo":{"title":"Cha\u00eenette de fixation 20 cm - LEVINSON","description":"Cha\u00eenette de fixation hydraulique robuste, con\u00e7ue pour maintenir bouchons et capuchons sur les raccords hydrauliques incendie et \u00e9viter toute perte lors des int"}},"product_brand":[],"product_cat":[177],"product_tag":[],"class_list":{"0":"post-2544","1":"product","2":"type-product","3":"status-publish","4":"has-post-thumbnail","6":"product_cat-colonne-seche","8":"first","9":"instock","10":"shipping-taxable","11":"purchasable","12":"product-type-simple"},"acf":[],"jetpack_sharing_enabled":true,"_links":{"self":[{"href":"https:\/\/levinson.fr\/en\/wp-json\/wp\/v2\/product\/2544","targetHints":{"allow":["GET"]}}],"collection":[{"href":"https:\/\/levinson.fr\/en\/wp-json\/wp\/v2\/product"}],"about":[{"href":"https:\/\/levinson.fr\/en\/wp-json\/wp\/v2\/types\/product"}],"wp:featuredmedia":[{"embeddable":true,"href":"https:\/\/levinson.fr\/en\/wp-json\/wp\/v2\/media\/4005"}],"wp:attachment":[{"href":"https:\/\/levinson.fr\/en\/wp-json\/wp\/v2\/media?parent=2544"}],"wp:term":[{"taxonomy":"product_brand","embeddable":true,"href":"https:\/\/levinson.fr\/en\/wp-json\/wp\/v2\/product_brand?post=2544"},{"taxonomy":"product_cat","embeddable":true,"href":"https:\/\/levinson.fr\/en\/wp-json\/wp\/v2\/product_cat?post=2544"},{"taxonomy":"product_tag","embeddable":true,"href":"https:\/\/levinson.fr\/en\/wp-json\/wp\/v2\/product_tag?post=2544"}],"curies":[{"name":"wp","href":"https:\/\/api.w.org\/{rel}","templated":true}]}}