{"id":2586,"date":"2025-11-10T12:50:46","date_gmt":"2025-11-10T12:50:46","guid":{"rendered":"https:\/\/levinson.fr\/?post_type=product&#038;p=2586"},"modified":"2026-02-13T18:17:15","modified_gmt":"2026-02-13T18:17:15","slug":"cle-gaz-polyvalente","status":"publish","type":"product","link":"https:\/\/levinson.fr\/en\/product\/cle-gaz-polyvalente\/","title":{"rendered":"Multi-purpose gas key"},"content":{"rendered":"<p>The multi-purpose gas wrench is an essential tool for quick and safe intervention on gas installations.<\/p>\n<p>Made from robust plastic, it ensures longevity and resistance, even during frequent or intensive use.<\/p>\n<p>This key makes opening and closing gas installations easier, reducing the risks associated with incorrect handling.<\/p>\n<p>Ideal for technical and emergency services, it ensures safety, efficiency and compliance with current standards.<\/p>","protected":false},"excerpt":{"rendered":"<p>Versatile, robust and practical gas key, designed to safely open and close various types of gas taps and valves.<\/p>\n<p>Dimensions: 9 \u00d7 14 \u00d7 4 cm<\/p>\n<p>Material: polycarbonate<\/p>","protected":false},"featured_media":4016,"template":"","meta":{"_acf_changed":false,"slim_seo":{"title":"Cl\u00e9 gaz polyvalente - LEVINSON","description":"Cl\u00e9 gaz polyvalente, robuste et pratique, con\u00e7ue pour ouvrir et fermer diff\u00e9rents types de robinets et vannes de gaz en toute s\u00e9curit\u00e9. Dimension : 9 \u00d7 14 \u00d7 4 c"}},"product_brand":[],"product_cat":[178,179,197,198,185],"product_tag":[],"class_list":{"0":"post-2586","1":"product","2":"type-product","3":"status-publish","4":"has-post-thumbnail","6":"product_cat-compartiment","7":"product_cat-desenfumage","8":"product_cat-extracteur","9":"product_cat-moyens-de-secours","10":"product_cat-signalisation","12":"first","13":"instock","14":"shipping-taxable","15":"purchasable","16":"product-type-simple"},"acf":[],"jetpack_sharing_enabled":true,"_links":{"self":[{"href":"https:\/\/levinson.fr\/en\/wp-json\/wp\/v2\/product\/2586","targetHints":{"allow":["GET"]}}],"collection":[{"href":"https:\/\/levinson.fr\/en\/wp-json\/wp\/v2\/product"}],"about":[{"href":"https:\/\/levinson.fr\/en\/wp-json\/wp\/v2\/types\/product"}],"wp:featuredmedia":[{"embeddable":true,"href":"https:\/\/levinson.fr\/en\/wp-json\/wp\/v2\/media\/4016"}],"wp:attachment":[{"href":"https:\/\/levinson.fr\/en\/wp-json\/wp\/v2\/media?parent=2586"}],"wp:term":[{"taxonomy":"product_brand","embeddable":true,"href":"https:\/\/levinson.fr\/en\/wp-json\/wp\/v2\/product_brand?post=2586"},{"taxonomy":"product_cat","embeddable":true,"href":"https:\/\/levinson.fr\/en\/wp-json\/wp\/v2\/product_cat?post=2586"},{"taxonomy":"product_tag","embeddable":true,"href":"https:\/\/levinson.fr\/en\/wp-json\/wp\/v2\/product_tag?post=2586"}],"curies":[{"name":"wp","href":"https:\/\/api.w.org\/{rel}","templated":true}]}}