{"id":2588,"date":"2025-11-10T12:50:46","date_gmt":"2025-11-10T12:50:46","guid":{"rendered":"https:\/\/levinson.fr\/?post_type=product&#038;p=2588"},"modified":"2026-05-10T21:49:30","modified_gmt":"2026-05-10T21:49:30","slug":"consigne-de-securite-parc-de-stationnement-a5","status":"publish","type":"product","link":"https:\/\/levinson.fr\/en\/product\/consigne-de-securite-parc-de-stationnement-a5\/","title":{"rendered":"Safety instructions for parking lot A5"},"content":{"rendered":"<p>The parking lot safety instruction sign is an essential sign to ensure the safety of users and staff in public or private parking lots.<br \/>\nMade from durable and resistant materials, it guarantees longevity, readability and visibility, even in environments subject to weathering, humidity or heavy traffic.<br \/>\nThis sign reminds people of the safety rules, emergency instructions and behaviors to adopt to prevent accidents and ensure smooth traffic flow in the parking lot.<br \/>\nIdeal for company car parks, shopping centres, communities and public buildings, it contributes to risk prevention and compliance with safety standards.<\/p>","protected":false},"excerpt":{"rendered":"<p>Clear and visible parking lot safety instructions, designed to inform users of safety rules and prevent risks in parking lots.<\/p>","protected":false},"featured_media":0,"template":"","meta":{"_acf_changed":false,"slim_seo":{"title":"Consigne de s\u00e9curit\u00e9 parc de stationnement A5 - LEVINSON","description":"Consigne de s\u00e9curit\u00e9 parc de stationnement, claire et visible, con\u00e7ue pour informer les utilisateurs des r\u00e8gles de s\u00e9curit\u00e9 et pr\u00e9venir les risques dans les par"}},"product_brand":[],"product_cat":[185],"product_tag":[],"class_list":{"0":"post-2588","1":"product","2":"type-product","3":"status-publish","5":"product_cat-signalisation","7":"first","8":"instock","9":"shipping-taxable","10":"product-type-simple"},"acf":[],"jetpack_sharing_enabled":true,"_links":{"self":[{"href":"https:\/\/levinson.fr\/en\/wp-json\/wp\/v2\/product\/2588","targetHints":{"allow":["GET"]}}],"collection":[{"href":"https:\/\/levinson.fr\/en\/wp-json\/wp\/v2\/product"}],"about":[{"href":"https:\/\/levinson.fr\/en\/wp-json\/wp\/v2\/types\/product"}],"wp:attachment":[{"href":"https:\/\/levinson.fr\/en\/wp-json\/wp\/v2\/media?parent=2588"}],"wp:term":[{"taxonomy":"product_brand","embeddable":true,"href":"https:\/\/levinson.fr\/en\/wp-json\/wp\/v2\/product_brand?post=2588"},{"taxonomy":"product_cat","embeddable":true,"href":"https:\/\/levinson.fr\/en\/wp-json\/wp\/v2\/product_cat?post=2588"},{"taxonomy":"product_tag","embeddable":true,"href":"https:\/\/levinson.fr\/en\/wp-json\/wp\/v2\/product_tag?post=2588"}],"curies":[{"name":"wp","href":"https:\/\/api.w.org\/{rel}","templated":true}]}}