{"id":2591,"date":"2025-11-10T12:50:46","date_gmt":"2025-11-10T12:50:46","guid":{"rendered":"https:\/\/levinson.fr\/?post_type=product&#038;p=2591"},"modified":"2026-05-10T21:49:30","modified_gmt":"2026-05-10T21:49:30","slug":"consigne-de-securite-generale-a5","status":"publish","type":"product","link":"https:\/\/levinson.fr\/en\/product\/consigne-de-securite-generale-a5\/","title":{"rendered":"General safety instruction A5"},"content":{"rendered":"<p>The general safety instruction A5 is an essential sign to inform and raise awareness among staff about safety rules in professional premises.<br \/>\nMade from durable and resistant materials, it guarantees longevity, readability and visibility, even in environments subject to humidity or heavy traffic.<br \/>\nThis instruction reminds us of the actions and behaviors to adopt to prevent accidents and ensure everyone&#039;s safety.<br \/>\nIdeal for offices, workshops, businesses, schools and industrial sites, it contributes to risk prevention and compliance with legal safety obligations.<\/p>","protected":false},"excerpt":{"rendered":"<p>A5 safety instruction, clear and legible, designed to remind staff of general safety rules and raise awareness of good practices.<\/p>","protected":false},"featured_media":0,"template":"","meta":{"_acf_changed":false,"slim_seo":{"title":"Consigne de s\u00e9curit\u00e9 g\u00e9n\u00e9rale A5 - LEVINSON","description":"A5 safety instruction, clear and legible, designed to remind staff of general safety rules and raise awareness of good practices."}},"product_brand":[],"product_cat":[185],"product_tag":[],"class_list":{"0":"post-2591","1":"product","2":"type-product","3":"status-publish","5":"product_cat-signalisation","7":"first","8":"instock","9":"shipping-taxable","10":"product-type-simple"},"acf":[],"jetpack_sharing_enabled":true,"_links":{"self":[{"href":"https:\/\/levinson.fr\/en\/wp-json\/wp\/v2\/product\/2591","targetHints":{"allow":["GET"]}}],"collection":[{"href":"https:\/\/levinson.fr\/en\/wp-json\/wp\/v2\/product"}],"about":[{"href":"https:\/\/levinson.fr\/en\/wp-json\/wp\/v2\/types\/product"}],"wp:attachment":[{"href":"https:\/\/levinson.fr\/en\/wp-json\/wp\/v2\/media?parent=2591"}],"wp:term":[{"taxonomy":"product_brand","embeddable":true,"href":"https:\/\/levinson.fr\/en\/wp-json\/wp\/v2\/product_brand?post=2591"},{"taxonomy":"product_cat","embeddable":true,"href":"https:\/\/levinson.fr\/en\/wp-json\/wp\/v2\/product_cat?post=2591"},{"taxonomy":"product_tag","embeddable":true,"href":"https:\/\/levinson.fr\/en\/wp-json\/wp\/v2\/product_tag?post=2591"}],"curies":[{"name":"wp","href":"https:\/\/api.w.org\/{rel}","templated":true}]}}